{"id":322,"date":"2019-02-05T16:34:32","date_gmt":"2019-02-05T16:34:32","guid":{"rendered":"https:\/\/agro.ninetheme.com\/?page_id=322"},"modified":"2026-04-09T13:40:30","modified_gmt":"2026-04-09T10:40:30","slug":"contact-us","status":"publish","type":"page","link":"https:\/\/rotel.com.tr\/en\/contact-us\/","title":{"rendered":"CONTACT US"},"content":{"rendered":"<div class=\"wpb-content-wrapper\">[vc_row full_width=&#8221;container-null&#8221;][vc_column agro_disable_column=&#8221;yes&#8221;]<div id=\"hero\" class=\"nt-shortcode-hero  section_69d8277b74ef0 vc_custom_1774616574866\"  data-res-css=\"  .nt-shortcode-hero.section_69d8277b74ef0 .__title {font-size:48px;} .nt-shortcode-hero.section_69d8277b74ef0 .__title span {color: #FFFFFF; } #hero.nt-shortcode-hero.section_69d8277b74ef0 .__title {color: #FFFFFF; } .nt-shortcode-hero.section_69d8277b74ef0 .nt-hero-desc {color: #FFFFFF; }     \"><div class=\"container\"><div class=\"row\"><div class=\"col-12 col-lg-7\"><h1 class=\"__title\"><span><\/span> CONTACT<\/h1><p class=\"nt-hero-desc\">For information about our products, partnerships, or technical support requests, please feel free to contact us at any time. Our expert team is ready to provide you with the fastest and most accurate solutions tailored to your needs. Send us your message, and we will get back to you as soon as possible.<\/p><\/div><\/div><\/div><span class=\"page-scroll-discover\"><\/span><\/div>[\/vc_column][\/vc_row][vc_row full_width=&#8221;container-null&#8221; disable_element=&#8221;yes&#8221;][vc_column agro_disable_column=&#8221;yes&#8221;]<div class=\"section section_69d8277b74f12\" data-res-css=\"  \"><div class=\"container\"><div class=\"company-contacts text-center\"><div class=\"__inner\"><div class=\"row justify-content-around\"><div class=\"col-12 col-md-4 col-lg-3\"><div class=\"__item\"><i class=\"__ico fontello-location\"><\/i><h4 class=\"__title\">ROTEL A.\u015e. \u2013 DEPO<\/h4><p>Ak\u00e7aburgaz Mahallesi 1585. Sokak, Tem34 No:2 D:72 <br\/>\nEsenyurt, 34522 \u0130stanbul \/ T\u00fcrkiye<br\/>\nTel: +90 212 279 58 78<br\/>\nFax: +90 212 279 53 66<br\/>\n<a href\n=\"mailto:depo@rotel.com.tr\">depo@rotel.com.tr<\/a><\/p><\/div><\/div><div class=\"col-12 col-md-4 col-lg-3\"><div class=\"__item\"><i class=\"__ico fontello-location\"><\/i><h4 class=\"__title\">ROTEL A.\u015e. \u2013 MERKEZ<\/h4><p>S\u00fcmb\u00fcl Sokak No:57, Levent, 34330 \u0130stanbul \/ T\u00fcrkiye<br\/>\nTel: +90 212 279 58 78<br\/>\nFax: +90 212 279 53 66<br\/>\n<a href=\"mailto:posta@rotel.com.tr\">posta@rotel.com.tr<\/a><\/p><\/div><\/div><\/div><\/div><\/div><\/div><\/div>[\/vc_column][\/vc_row][vc_row full_width=&#8221;container&#8221; css=&#8221;.vc_custom_1769087004734{margin-top: 75px !important;margin-bottom: 75px !important;}&#8221;][vc_column width=&#8221;1\/2&#8243;][vc_icon icon_fontawesome=&#8221;fa fa-solid fa-location-dot&#8221; color=&#8221;custom&#8221; size=&#8221;lg&#8221; align=&#8221;center&#8221; css=&#8221;.vc_custom_1769086938316{margin-bottom: 10px !important;}&#8221; custom_color=&#8221;#00A7C7&#8243; link=&#8221;url:https%3A%2F%2Fwww.google.com%2Fmaps%3Fll%3D41.069895%2C28.641961%26z%3D17%26t%3Dm%26hl%3Dtr-TR%26gl%3DUS%26mapclient%3Dembed%26cid%3D12738122568599224526|target:_blank&#8221;][vc_column_text css=&#8221;&#8221;]\n<h3 style=\"text-align: center;\"><a href=\"https:\/\/www.google.com\/maps?ll=41.069895,28.641961&amp;z=17&amp;t=m&amp;hl=tr-TR&amp;gl=US&amp;mapclient=embed&amp;cid=12738122568599224526\" target=\"_blank\" rel=\"noopener\">ROTEL A.\u015e. \u2013 WAREHOUSE<\/a><\/h3>\n<p style=\"text-align: center;\">Ak\u00e7aburgaz Mahallesi 1585. Sokak, Tem34 No:2 D:72<br \/>\nEsenyurt, 34522 \u0130stanbul \/ T\u00fcrkiye<br \/>\nTel: +90 212 279 58 78<br \/>\nFax: +90 212 279 53 66<br \/>\n<a href=\"mailto:depo@rotel.com.tr\">depo@rotel.com.tr<\/a><\/p>\n[\/vc_column_text][\/vc_column][vc_column width=&#8221;1\/2&#8243;][vc_icon icon_fontawesome=&#8221;fa fa-solid fa-map-location-dot&#8221; color=&#8221;custom&#8221; align=&#8221;center&#8221; css=&#8221;.vc_custom_1769086943350{margin-bottom: 10px !important;}&#8221; custom_color=&#8221;#00A7C7&#8243; link=&#8221;url:https%3A%2F%2Fwww.google.com%2Fmaps%3Fll%3D41.082385%2C29.016574%26z%3D16%26t%3Dm%26hl%3Dtr%26gl%3DTR%26mapclient%3Dembed%26cid%3D16229067025193932987|target:_blank&#8221;][vc_column_text css=&#8221;&#8221;]\n<h3 style=\"text-align: center;\"><a href=\"https:\/\/www.google.com\/maps?ll=41.082385,29.016574&amp;z=16&amp;t=m&amp;hl=tr&amp;gl=TR&amp;mapclient=embed&amp;cid=16229067025193932987\" target=\"_blank\" rel=\"noopener\">ROTEL A.\u015e. \u2013 HEAD OFFICE<\/a><\/h3>\n<p style=\"text-align: center;\">S\u00fcmb\u00fcl Sokak No:57, Levent, 34330 \u0130stanbul \/ T\u00fcrkiye<br \/>\nTel: +90 212 279 58 78<br \/>\nFax: +90 212 279 53 66<br \/>\n<a href=\"mailto:posta@rotel.com.tr\">posta@rotel.com.tr<\/a><\/p>\n[\/vc_column_text][\/vc_column][\/vc_row][vc_row full_width=&#8221;container-null&#8221;][vc_column agro_disable_column=&#8221;yes&#8221;]<div class=\"section section--dark-bg section--contacts section_69d8277b74f36\" data-res-css=\"   .section.section_69d8277b74f36 .section-heading .__title {color: #FFFFFF; } .section.section_69d8277b74f36 .section-heading .__title span{color: #FFFFFF; } .section.section_69d8277b74f36 .section-heading .__title span{color: #FFFFFF; }\"><div class=\"container\"><div class=\"row justify-content-end\"><div class=\"col-12 col-md-6\"><div class=\"row justify-content-end\"><div class=\"col-md-11\"><div class=\"section-heading section-heading--white\"><h2 class=\"__title\">Get In Touch <span>WITH Our Expert Team<\/span><\/h2><p>Take your brand one step further with Rotel\u2019s quality, expertise, and efficiency. Contact our team today and discover how partnering with Rotel can enhance your business success.<\/p><\/div>\n<div class=\"wpcf7 no-js\" id=\"wpcf7-f941-o1\" lang=\"en-US\" dir=\"ltr\" data-wpcf7-id=\"941\">\n<div class=\"screen-reader-response\"><p role=\"status\" aria-live=\"polite\" aria-atomic=\"true\"><\/p> <ul><\/ul><\/div>\n<form action=\"\/en\/wp-json\/wp\/v2\/pages\/322#wpcf7-f941-o1\" method=\"post\" class=\"wpcf7-form init\" aria-label=\"Contact form\" novalidate=\"novalidate\" data-status=\"init\">\n<fieldset class=\"hidden-fields-container\"><input type=\"hidden\" name=\"_wpcf7\" value=\"941\" \/><input type=\"hidden\" name=\"_wpcf7_version\" value=\"6.1.5\" \/><input type=\"hidden\" name=\"_wpcf7_locale\" value=\"en_US\" \/><input type=\"hidden\" name=\"_wpcf7_unit_tag\" value=\"wpcf7-f941-o1\" \/><input type=\"hidden\" name=\"_wpcf7_container_post\" value=\"0\" \/><input type=\"hidden\" name=\"_wpcf7_posted_data_hash\" value=\"\" \/>\n<\/fieldset>\n<div class=\"contact-form js-contact-form\" data-aos=\"fade\">\n\t<div class=\"row\">\n\t\t<div class=\"col-12 col-md-6\">\n\t\t\t<div class=\"input-wrp\">\n\t\t\t\t<p><span class=\"wpcf7-form-control-wrap\" data-name=\"text-787\"><input size=\"40\" maxlength=\"400\" class=\"wpcf7-form-control wpcf7-text wpcf7-validates-as-required textfield\" aria-required=\"true\" aria-invalid=\"false\" placeholder=\"Your name\" value=\"\" type=\"text\" name=\"text-787\" \/><\/span>\n\t\t\t\t<\/p>\n\t\t\t<\/div>\n\t\t<\/div>\n\t\t<div class=\"col-12 col-md-6\">\n\t\t\t<div class=\"input-wrp\">\n\t\t\t\t<p><span class=\"wpcf7-form-control-wrap\" data-name=\"text-787\"><input size=\"40\" maxlength=\"400\" class=\"wpcf7-form-control wpcf7-text wpcf7-validates-as-required textfield\" aria-required=\"true\" aria-invalid=\"false\" placeholder=\"Your email\" value=\"\" type=\"text\" name=\"text-787\" \/><\/span>\n\t\t\t\t<\/p>\n\t\t\t<\/div>\n\t\t<\/div>\n\t<\/div>\n\t<div class=\"input-wrp\">\n\t\t<p><span class=\"wpcf7-form-control-wrap\" data-name=\"textarea-212\"><textarea cols=\"10\" rows=\"2\" maxlength=\"2000\" class=\"wpcf7-form-control wpcf7-textarea wpcf7-validates-as-required textfield\" aria-required=\"true\" aria-invalid=\"false\" placeholder=\"Your message\" name=\"textarea-212\"><\/textarea><\/span>\n\t\t<\/p>\n\t<\/div>\n\t<p><input class=\"wpcf7-form-control wpcf7-submit has-spinner custom-btn custom-btn--medium custom-btn--style-3 wide\" type=\"submit\" value=\"Send\" \/>\n\t<\/p>\n<\/div><div class=\"wpcf7-response-output\" aria-hidden=\"true\"><\/div>\n<\/form>\n<\/div>\n<\/div><\/div><\/div><\/div><\/div><div class=\"row no-gutters\"><div class=\"col-md-6 map-container map-container--left\"><div class=\"custom-map\"><iframe loading=\"lazy\" src=\"https:\/\/www.google.com\/maps\/embed?pb=!1m18!1m12!1m3!1d3007.387228993913!2d29.013999376805035!3d41.08238527134041!2m3!1f0!2f0!3f0!3m2!1i1024!2i768!4f13.1!3m3!1m2!1s0x14cab66e9f954ba5%3A0xe1393a7960b098bb!2sRotel%20A.%C5%9E.!5e0!3m2!1str!2str!4v1775730843774!5m2!1str!2str\" width=\"900\" height=\"900\" frameborder=\"0\" style=\"border:0\" allowfullscreen><\/iframe><\/div><\/div><\/div><\/div>[\/vc_column][\/vc_row]\n<\/div>","protected":false},"excerpt":{"rendered":"<p>[vc_row full_width=&#8221;container-null&#8221;][vc_column agro_disable_column=&#8221;yes&#8221;][\/vc_column][\/vc_row][vc_row full_width=&#8221;container-null&#8221; disable_element=&#8221;yes&#8221;][vc_column agro_disable_column=&#8221;yes&#8221;][\/vc_column][\/vc_row][vc_row full_width=&#8221;container&#8221; css=&#8221;.vc_custom_1769087004734{margin-top: 75px !important;margin-bottom: 75px !important;}&#8221;][vc_column width=&#8221;1\/2&#8243;][vc_icon icon_fontawesome=&#8221;fa fa-solid fa-location-dot&#8221; color=&#8221;custom&#8221; size=&#8221;lg&#8221; align=&#8221;center&#8221; css=&#8221;.vc_custom_1769086938316{margin-bottom: 10px !important;}&#8221; custom_color=&#8221;#00A7C7&#8243; link=&#8221;url:https%3A%2F%2Fwww.google.com%2Fmaps%3Fll%3D41.069895%2C28.641961%26z%3D17%26t%3Dm%26hl%3Dtr-TR%26gl%3DUS%26mapclient%3Dembed%26cid%3D12738122568599224526|target:_blank&#8221;][vc_column_text css=&#8221;&#8221;] ROTEL A.\u015e. \u2013 WAREHOUSE Ak\u00e7aburgaz Mahallesi 1585. Sokak, Tem34 No:2 D:72 Esenyurt, 34522 \u0130stanbul \/ T\u00fcrkiye Tel: +90 212 279 58 78 Fax: +90 212 279 53 66 depo@rotel.com.tr [\/vc_column_text][\/vc_column][vc_column&#8230;<\/p>\n","protected":false},"author":1,"featured_media":0,"parent":0,"menu_order":0,"comment_status":"closed","ping_status":"closed","template":"custom-page.php","meta":{"footnotes":""},"class_list":["post-322","page","type-page","status-publish","hentry"," nt-post-class"],"_links":{"self":[{"href":"https:\/\/rotel.com.tr\/en\/wp-json\/wp\/v2\/pages\/322","targetHints":{"allow":["GET"]}}],"collection":[{"href":"https:\/\/rotel.com.tr\/en\/wp-json\/wp\/v2\/pages"}],"about":[{"href":"https:\/\/rotel.com.tr\/en\/wp-json\/wp\/v2\/types\/page"}],"author":[{"embeddable":true,"href":"https:\/\/rotel.com.tr\/en\/wp-json\/wp\/v2\/users\/1"}],"replies":[{"embeddable":true,"href":"https:\/\/rotel.com.tr\/en\/wp-json\/wp\/v2\/comments?post=322"}],"version-history":[{"count":30,"href":"https:\/\/rotel.com.tr\/en\/wp-json\/wp\/v2\/pages\/322\/revisions"}],"predecessor-version":[{"id":1527,"href":"https:\/\/rotel.com.tr\/en\/wp-json\/wp\/v2\/pages\/322\/revisions\/1527"}],"wp:attachment":[{"href":"https:\/\/rotel.com.tr\/en\/wp-json\/wp\/v2\/media?parent=322"}],"curies":[{"name":"wp","href":"https:\/\/api.w.org\/{rel}","templated":true}]}}