{"id":238,"date":"2019-02-05T07:05:06","date_gmt":"2019-02-05T07:05:06","guid":{"rendered":"https:\/\/agro.ninetheme.com\/?page_id=238"},"modified":"2026-04-08T14:09:53","modified_gmt":"2026-04-08T11:09:53","slug":"about-us","status":"publish","type":"page","link":"https:\/\/rotel.com.tr\/en\/about-us\/","title":{"rendered":"ABOUT US"},"content":{"rendered":"<div class=\"wpb-content-wrapper\">[vc_row full_width=&#8221;stretch_row_content_no_spaces&#8221; css=&#8221;.vc_custom_1770708030086{margin-top: 0px !important;margin-right: 0px !important;margin-bottom: 0px !important;margin-left: 0px !important;padding-top: 0px !important;padding-right: 0px !important;padding-bottom: 0px !important;padding-left: 0px !important;}&#8221; min_height=&#8221;400&#8243;][vc_column]<div id=\"hero\" class=\"nt-shortcode-hero  section_69d8277a7899a vc_custom_1771577183091\"  data-res-css=\"   .nt-shortcode-hero.section_69d8277a7899a .__title span {color: #FFFFFF; } #hero.nt-shortcode-hero.section_69d8277a7899a .__title {color: #FFFFFF; } .nt-shortcode-hero.section_69d8277a7899a .nt-hero-desc {color: #FFFFFF; }     \"><div class=\"container\"><div class=\"row\"><div class=\"col-12 col-lg-7\"><h2 class=\"__title\"><span><\/span> <\/h2><\/div><\/div><\/div><\/div>[\/vc_column][\/vc_row][vc_row full_width=&#8221;container-null&#8221;][vc_column agro_disable_column=&#8221;yes&#8221;]<div class=\"section section--no-pb about--1 md-hide-bg item_69d8277a789bb vc_custom_1772630933785\" data-res-css=\"       .section.item_69d8277a789bb .custom-btn {color: #00A7C7!important; } .section.item_69d8277a789bb .custom-btn:hover {color: #FFFFFF!important; } .section.item_69d8277a789bb .custom-btn {border-color: #00A7C7!important; } .section.item_69d8277a789bb .custom-btn:hover {border-color: #00A7C7!important; } .section.item_69d8277a789bb .custom-btn {background-color: #00000000!important; } .section.item_69d8277a789bb .custom-btn:hover {background-color: #00A7C7!important; }  \"><div class=\"container\"><div class=\"section-heading\"><h2 class=\"__title\">ABOUT US <span><\/span><\/h2><\/div><div class=\"row\"><div class=\"col-12 col-lg-6 col-xl-8\"><span style=\"font-weight: 400;\">Our company was established in Istanbul in 1985 and specializes in agricultural commodities, food ingredients, and feed additives. Since our foundation, we have operated with the principles of quality, reliability, and sustainability, maintaining a strong position in both local and international markets.<\/span><\/p>\n<p><span style=\"font-weight: 400;\">Our Agro Division provides representation, import, and export services for products such as cereals, feed raw materials, oilseeds, vegetable oils, pulses, and rice. With our extensive supply network and solid infrastructure, we deliver fast and effective solutions to our customers.<\/span><\/p>\n<p><span style=\"font-weight: 400;\">Our Food Ingredients and Feed Additives Division (GYKM) acts as the Turkish distributor for global brands operating in the food and feed industries. Supported by our technical team and strong logistics infrastructure, we contribute to production processes not only through product supply but also by offering technical support and consultancy services.<\/span><\/p>\n<p><span style=\"font-weight: 400;\">With a customer-focused approach, we closely follow industry developments and support the success of our business partners through innovative and sustainable solutions.<\/span><p><a class=\"custom-btn custom-btn--medium custom-btn--style-1\" href=\"https:\/\/rotel.com.tr\/en\/contact-us\/\">CONTACT US<\/a><\/p><\/div><\/div><\/div><\/div>[\/vc_column][\/vc_row][vc_row full_width=&#8221;stretch_row_content_no_spaces&#8221;][vc_column agro_disable_column=&#8221;yes&#8221;]<div class=\"section counter_69d8277a789f5\"><div class=\"container\"><div class=\"counter\"><div class=\"__inner\"><div class=\"row justify-content-sm-center justify-content-lg-around\"><div class=\"col-12 col-sm-8 col-md-6 col-lg-5 col-xl-3\"><div class=\"__item\" data-aos=\"zoom-in\" data-aos-delay=\"350\" data-aos-offset=\"150\"><div class=\"d-table\"><div class=\"d-table-cell align-middle\"><i class=\"__ico\"><img decoding=\"async\" src=\"https:\/\/rotel.com.tr\/en\/wp-content\/uploads\/sites\/2\/2026\/02\/Home-Handshake-1.png\" class=\"img-fluid\" alt=\"Home-Handshake-1.png\"><\/i><\/div><div class=\"d-table-cell align-middle\"><p class=\"__count js-count has-after-number\" data-from=\"0\" data-to=\"100\">100<\/p><span class=\"after-number\"> +<\/span><p class=\"__title\">Finalized Projects<\/p><\/div><\/div><\/div><\/div><div class=\"col-12 col-sm-8 col-md-6 col-lg-5 col-xl-3\"><div class=\"__item\" data-aos=\"zoom-in\" data-aos-delay=\"350\" data-aos-offset=\"450\"><div class=\"d-table\"><div class=\"d-table-cell align-middle\"><i class=\"__ico\"><img decoding=\"async\" src=\"https:\/\/rotel.com.tr\/en\/wp-content\/uploads\/sites\/2\/2026\/02\/Home-factory-1.png\" class=\"img-fluid\" alt=\"Home-factory-1.png\"><\/i><\/div><div class=\"d-table-cell align-middle\"><p class=\"__count js-count has-after-number\" data-from=\"0\" data-to=\"700\">700<\/p><span class=\"after-number\"> +<\/span><p class=\"__title\">Accessed Customers<\/p><\/div><\/div><\/div><\/div><div class=\"col-12 col-sm-8 col-md-6 col-lg-5 col-xl-3\"><div class=\"__item\" data-aos=\"zoom-in\" data-aos-delay=\"350\" data-aos-offset=\"300\"><div class=\"d-table\"><div class=\"d-table-cell align-middle\"><i class=\"__ico\"><img decoding=\"async\" src=\"https:\/\/rotel.com.tr\/en\/wp-content\/uploads\/sites\/2\/2026\/02\/ico_count_1.png\" class=\"img-fluid\" alt=\"ico_count_1.png\"><\/i><\/div><div class=\"d-table-cell align-middle\"><p class=\"__count js-count has-after-number\" data-from=\"0\" data-to=\"60\">60<\/p><span class=\"after-number\"> +<\/span><p class=\"__title\">Reliable Product Items<\/p><\/div><\/div><\/div><\/div><div class=\"col-12 col-sm-8 col-md-6 col-lg-5 col-xl-3\"><div class=\"__item\" data-aos=\"zoom-in\" data-aos-delay=\"350\" data-aos-offset=\"600\"><div class=\"d-table\"><div class=\"d-table-cell align-middle\"><i class=\"__ico\"><img decoding=\"async\" src=\"https:\/\/rotel.com.tr\/en\/wp-content\/uploads\/sites\/2\/2026\/02\/Home-world-1.png\" class=\"img-fluid\" alt=\"Home-world-1.png\"><\/i><\/div><div class=\"d-table-cell align-middle\"><p class=\"__count js-count has-after-number\" data-from=\"0\" data-to=\"9\">9<\/p><span class=\"after-number\"> +<\/span><p class=\"__title\">Global Business Partners<\/p><\/div><\/div><\/div><\/div><\/div><\/div><\/div><\/div><\/div>[\/vc_column][\/vc_row][vc_row full_width=&#8221;stretch_row_content_no_spaces&#8221; disable_element=&#8221;yes&#8221;][vc_column]<div class=\"section section--gutter section--base-bg section--custom-02 section_69d8277a78e0d vc_custom_1771577036094\" data-res-css=\"   .section.section_69d8277a78e0d .section-heading .__title {color: #FFFFFF; } .section.section_69d8277a78e0d .section-heading .__title span{color: #FFFFFF; } .section.section_69d8277a78e0d p{color: #FFFFFF; } .section.section_69d8277a78e0d .timeline .__year{color: #FFFFFF; } .section.section_69d8277a78e0d .timeline .__title{color: #FFFFFF; } .section.section_69d8277a78e0d .timeline p{color: #FFFFFF; } .section.section_69d8277a78e0d .timeline .__item:before{border-color: #FFFFFF; } .section.section_69d8277a78e0d .timeline .__ico{border-color: #FFFFFF; } .section.section_69d8277a78e0d .timeline .__ico:before{background-color: #FFFFFF; }\"><div class=\"container\"><div class=\"section-heading\" data-aos=\"fade\"><h2 class=\"__title\">ROTEL <span>TIMELINE<\/span><\/h2><\/div><div class=\"timeline\"><div class=\"__inner\"><div class=\"row\"><div class=\"col-12 col-md-3\"><div class=\"__item\"><i class=\"__ico\"><\/i><div class=\"row\"><div class=\"col-lg-11 col-xl-9\"><p class=\"__year\">1985<\/p><h5 class=\"__title\">ROTEL KURULDU<\/h5><p>1985 senesinde Istanbul\u2019da kurulmu\u015f olan \u015firketimiz, tar\u0131msal emtia, g\u0131da i\u00e7erik ve katk\u0131lar\u0131 konusunda uzmanla\u015fm\u0131\u015ft\u0131r.<\/p><\/div><\/div><\/div><\/div><div class=\"col-12 col-md-3\"><div class=\"__item\"><i class=\"__ico\"><\/i><div class=\"row\"><div class=\"col-lg-11 col-xl-9\"><p class=\"__year\">1996<\/p><h5 class=\"__title\">TAR\u0130H\u00c7E 2<\/h5><p>Vast a real proven works discount secure care. Market invigorate a awesome handcrafted bigger comes<\/p><\/div><\/div><\/div><\/div><div class=\"col-12 col-md-3\"><div class=\"__item\"><i class=\"__ico\"><\/i><div class=\"row\"><div class=\"col-lg-11 col-xl-9\"><p class=\"__year\">2000<\/p><h5 class=\"__title\">TAR\u0130H\u00c7E 3<\/h5><p>Vast a real proven works discount secure care. Market invigorate a awesome handcrafted bigger comes<\/p><\/div><\/div><\/div><\/div><div class=\"col-12 col-md-3\"><div class=\"__item\"><i class=\"__ico\"><\/i><div class=\"row\"><div class=\"col-lg-11 col-xl-9\"><p class=\"__year\">2017<\/p><h5 class=\"__title\">TAR\u0130H\u00c7E 4<\/h5><p>Vast a real proven works discount secure care. Market invigorate a awesome handcrafted bigger comes<\/p><\/div><\/div><\/div><\/div><\/div><\/div><\/div><\/div><\/div>[\/vc_column][\/vc_row][vc_row full_width=&#8221;stretch_row_content_no_spaces&#8221;][vc_column]<div class=\"section  section_69d8277a78e34\" data-res-css=\"     \"><div class=\"container\"><div class=\"section-heading section-heading--center\" data-aos=\"fade\"><h2 class=\"__title\">OUR SOLUTION PARTNERS IN  <span>FOOD INGREDIENTS<\/span><\/h2><p>Through our partnerships with leading global brands, we ensure the supply of high-quality and consistent products. With our technical support and strong logistics infrastructure, we deliver reliable and effective solutions.<\/p><\/div><div class=\"partners-list\"><div class=\"js-slick slick_69d8277a78e35\" data-slick='{\"slidesToShow\":5,\"infinite\":true,\"autoplay\":true,\"autoplaySpeed\":3000,\"arrows\":false,\"dots\":false,\"pauseOnHover\":false,\"speed\":1000,\"responsive\":[{\"breakpoint\":576,\"settings\":{\"slidesToShow\":2}},{\"breakpoint\":767,\"settings\":{\"slidesToShow\":4}},{\"breakpoint\":991,\"settings\":{\"slidesToShow\":5}},{\"breakpoint\":1199,\"settings\":{\"slidesToShow\":5}}]}'><div class=\"__item\"><img decoding=\"async\" src=\"https:\/\/rotel.com.tr\/en\/wp-content\/uploads\/sites\/2\/2025\/12\/Matsutani-logo.jpg\" class=\"img-fluid m-auto\" alt=\"Matsutani-logo.jpg\"><\/div><div class=\"__item\"><img decoding=\"async\" src=\"https:\/\/rotel.com.tr\/en\/wp-content\/uploads\/sites\/2\/2025\/12\/Ofi_logo.jpg\" class=\"img-fluid m-auto\" alt=\"Ofi_logo.jpg\"><\/div><div class=\"__item\"><img decoding=\"async\" src=\"https:\/\/rotel.com.tr\/en\/wp-content\/uploads\/sites\/2\/2025\/12\/pb_leiner-1.jpg\" class=\"img-fluid m-auto\" alt=\"pb_leiner-1.jpg\"><\/div><div class=\"__item\"><img decoding=\"async\" src=\"https:\/\/rotel.com.tr\/en\/wp-content\/uploads\/sites\/2\/2025\/12\/Sel-Sanayi_logo.jpg\" class=\"img-fluid m-auto\" alt=\"Sel-Sanayi_logo.jpg\"><\/div><div class=\"__item\"><img decoding=\"async\" src=\"https:\/\/rotel.com.tr\/en\/wp-content\/uploads\/sites\/2\/2025\/12\/seljel_logo.jpg\" class=\"img-fluid m-auto\" alt=\"seljel_logo.jpg\"><\/div><div class=\"__item\"><img decoding=\"async\" src=\"https:\/\/rotel.com.tr\/en\/wp-content\/uploads\/sites\/2\/2025\/12\/Thew-Arnott_logo-1.jpg\" class=\"img-fluid m-auto\" alt=\"Thew-Arnott_logo-1.jpg\"><\/div><div class=\"__item\"><img decoding=\"async\" src=\"https:\/\/rotel.com.tr\/en\/wp-content\/uploads\/sites\/2\/2025\/12\/adm_logo-1.jpg\" class=\"img-fluid m-auto\" alt=\"adm_logo-1.jpg\"><\/div><div class=\"__item\"><img decoding=\"async\" src=\"https:\/\/rotel.com.tr\/en\/wp-content\/uploads\/sites\/2\/2025\/12\/iff_logo-1.jpg\" class=\"img-fluid m-auto\" alt=\"iff_logo-1.jpg\"><\/div><div class=\"__item\"><img decoding=\"async\" src=\"https:\/\/rotel.com.tr\/en\/wp-content\/uploads\/sites\/2\/2025\/12\/java_logo.jpg\" class=\"img-fluid m-auto\" alt=\"java_logo.jpg\"><\/div><\/div><\/div><\/div><\/div>[\/vc_column][\/vc_row]\n<\/div>","protected":false},"excerpt":{"rendered":"<p>[vc_row full_width=&#8221;stretch_row_content_no_spaces&#8221; css=&#8221;.vc_custom_1770708030086{margin-top: 0px !important;margin-right: 0px !important;margin-bottom: 0px !important;margin-left: 0px !important;padding-top: 0px !important;padding-right: 0px !important;padding-bottom: 0px !important;padding-left: 0px !important;}&#8221; min_height=&#8221;400&#8243;][vc_column][\/vc_column][\/vc_row][vc_row full_width=&#8221;container-null&#8221;][vc_column agro_disable_column=&#8221;yes&#8221;][\/vc_column][\/vc_row][vc_row full_width=&#8221;stretch_row_content_no_spaces&#8221;][vc_column agro_disable_column=&#8221;yes&#8221;][\/vc_column][\/vc_row][vc_row full_width=&#8221;stretch_row_content_no_spaces&#8221; disable_element=&#8221;yes&#8221;][vc_column][\/vc_column][\/vc_row][vc_row full_width=&#8221;stretch_row_content_no_spaces&#8221;][vc_column][\/vc_column][\/vc_row]<\/p>\n","protected":false},"author":1,"featured_media":0,"parent":0,"menu_order":0,"comment_status":"closed","ping_status":"closed","template":"custom-page.php","meta":{"footnotes":""},"class_list":["post-238","page","type-page","status-publish","hentry"," nt-post-class"],"_links":{"self":[{"href":"https:\/\/rotel.com.tr\/en\/wp-json\/wp\/v2\/pages\/238","targetHints":{"allow":["GET"]}}],"collection":[{"href":"https:\/\/rotel.com.tr\/en\/wp-json\/wp\/v2\/pages"}],"about":[{"href":"https:\/\/rotel.com.tr\/en\/wp-json\/wp\/v2\/types\/page"}],"author":[{"embeddable":true,"href":"https:\/\/rotel.com.tr\/en\/wp-json\/wp\/v2\/users\/1"}],"replies":[{"embeddable":true,"href":"https:\/\/rotel.com.tr\/en\/wp-json\/wp\/v2\/comments?post=238"}],"version-history":[{"count":35,"href":"https:\/\/rotel.com.tr\/en\/wp-json\/wp\/v2\/pages\/238\/revisions"}],"predecessor-version":[{"id":1524,"href":"https:\/\/rotel.com.tr\/en\/wp-json\/wp\/v2\/pages\/238\/revisions\/1524"}],"wp:attachment":[{"href":"https:\/\/rotel.com.tr\/en\/wp-json\/wp\/v2\/media?parent=238"}],"curies":[{"name":"wp","href":"https:\/\/api.w.org\/{rel}","templated":true}]}}