{"id":1151,"date":"2025-12-19T01:50:27","date_gmt":"2025-12-18T22:50:27","guid":{"rendered":"https:\/\/rotel.com.tr\/en\/?page_id=1151"},"modified":"2026-04-06T16:43:32","modified_gmt":"2026-04-06T13:43:32","slug":"other-products","status":"publish","type":"page","link":"https:\/\/rotel.com.tr\/en\/products\/food-ingredients\/other-products\/","title":{"rendered":"Other Products"},"content":{"rendered":"<div class=\"wpb-content-wrapper\">[vc_row full_width=&#8221;container-null&#8221;][vc_column agro_disable_column=&#8221;yes&#8221;]<div id=\"hero\" class=\"nt-shortcode-hero  section_69d83c1d5177b vc_custom_1773838580602\"  data-res-css=\"          \"><div class=\"container\"><div class=\"row\"><div class=\"col-12 col-lg-7\"><h1 class=\"__title\"><span><\/span> <\/h1><\/div><\/div><\/div><\/div>[\/vc_column][\/vc_row][vc_row full_width=&#8221;container&#8221; css=&#8221;.vc_custom_1766097027366{padding-top: 50px !important;padding-bottom: 50px !important;}&#8221;][vc_column][vc_custom_heading text=&#8221;Other Products&#8221; font_container=&#8221;tag:h2|text_align:center&#8221; use_theme_fonts=&#8221;yes&#8221; css=&#8221;.vc_custom_1771583866822{margin-top: 30px !important;margin-bottom: 30px !important;}&#8221;][vc_column_text css=&#8221;&#8221;]\n<div class=\"elementor-element elementor-element-164e20e elementor-widget elementor-widget-heading\" data-id=\"164e20e\" data-element_type=\"widget\" data-widget_type=\"heading.default\">\n<div class=\"elementor-element elementor-element-164e20e elementor-widget elementor-widget-heading\" data-id=\"164e20e\" data-element_type=\"widget\" data-widget_type=\"heading.default\">\n<div class=\"elementor-element elementor-element-164e20e elementor-widget elementor-widget-heading\" data-id=\"164e20e\" data-element_type=\"widget\" data-widget_type=\"heading.default\">\n<div class=\"elementor-element elementor-element-164e20e elementor-widget elementor-widget-heading\" data-id=\"164e20e\" data-element_type=\"widget\" data-widget_type=\"heading.default\">\n<div class=\"elementor-element elementor-element-164e20e elementor-widget elementor-widget-heading\" data-id=\"164e20e\" data-element_type=\"widget\" data-widget_type=\"heading.default\">\n<h4><b>Soluble Instant Coffee<\/b><\/h4>\n<p><span style=\"font-weight: 400;\">Spray-dried, ready-to-use powdered coffee for cold coffee beverages, confectionery, \u201c3-in-1\u201d mixes, and instant drink formulations<\/span><\/p>\n<h4><b>Techn\u0131cal Soy Lec\u0131th\u0131n<\/b><\/h4>\n<p><span style=\"font-weight: 400;\">A food-based emulsifier solution for the paint industry<\/span><\/p>\n<h4><b>Spec\u0131alty Extracts<\/b><\/h4>\n<p><span style=\"font-weight: 400;\">Standardized plant and fruit extracts with active components, used in the dietary supplement sector and functional food production<\/span><\/p>\n<\/div>\n<\/div>\n<\/div>\n<\/div>\n<\/div>\n[\/vc_column_text][\/vc_column][\/vc_row]\n<\/div>","protected":false},"excerpt":{"rendered":"<p>[vc_row full_width=&#8221;container-null&#8221;][vc_column agro_disable_column=&#8221;yes&#8221;][\/vc_column][\/vc_row][vc_row full_width=&#8221;container&#8221; css=&#8221;.vc_custom_1766097027366{padding-top: 50px !important;padding-bottom: 50px !important;}&#8221;][vc_column][vc_custom_heading text=&#8221;Other Products&#8221; font_container=&#8221;tag:h2|text_align:center&#8221; use_theme_fonts=&#8221;yes&#8221; css=&#8221;.vc_custom_1771583866822{margin-top: 30px !important;margin-bottom: 30px !important;}&#8221;][vc_column_text css=&#8221;&#8221;] Soluble Instant Coffee Spray-dried, ready-to-use powdered coffee for cold coffee beverages, confectionery, \u201c3-in-1\u201d mixes, and instant drink formulations Techn\u0131cal Soy Lec\u0131th\u0131n A food-based emulsifier solution for the paint industry Spec\u0131alty Extracts Standardized plant and fruit extracts&#8230;<\/p>\n","protected":false},"author":1,"featured_media":0,"parent":1125,"menu_order":0,"comment_status":"closed","ping_status":"closed","template":"custom-page.php","meta":{"footnotes":""},"class_list":["post-1151","page","type-page","status-publish","hentry"," nt-post-class"],"_links":{"self":[{"href":"https:\/\/rotel.com.tr\/en\/wp-json\/wp\/v2\/pages\/1151","targetHints":{"allow":["GET"]}}],"collection":[{"href":"https:\/\/rotel.com.tr\/en\/wp-json\/wp\/v2\/pages"}],"about":[{"href":"https:\/\/rotel.com.tr\/en\/wp-json\/wp\/v2\/types\/page"}],"author":[{"embeddable":true,"href":"https:\/\/rotel.com.tr\/en\/wp-json\/wp\/v2\/users\/1"}],"replies":[{"embeddable":true,"href":"https:\/\/rotel.com.tr\/en\/wp-json\/wp\/v2\/comments?post=1151"}],"version-history":[{"count":7,"href":"https:\/\/rotel.com.tr\/en\/wp-json\/wp\/v2\/pages\/1151\/revisions"}],"predecessor-version":[{"id":1520,"href":"https:\/\/rotel.com.tr\/en\/wp-json\/wp\/v2\/pages\/1151\/revisions\/1520"}],"up":[{"embeddable":true,"href":"https:\/\/rotel.com.tr\/en\/wp-json\/wp\/v2\/pages\/1125"}],"wp:attachment":[{"href":"https:\/\/rotel.com.tr\/en\/wp-json\/wp\/v2\/media?parent=1151"}],"curies":[{"name":"wp","href":"https:\/\/api.w.org\/{rel}","templated":true}]}}