{"id":1147,"date":"2025-12-19T01:46:58","date_gmt":"2025-12-18T22:46:58","guid":{"rendered":"https:\/\/rotel.com.tr\/en\/?page_id=1147"},"modified":"2026-03-18T15:55:27","modified_gmt":"2026-03-18T12:55:27","slug":"functional-products","status":"publish","type":"page","link":"https:\/\/rotel.com.tr\/en\/products\/food-ingredients\/functional-products\/","title":{"rendered":"FUNCTIONAL PRODUCTS"},"content":{"rendered":"<div class=\"wpb-content-wrapper\">[vc_row full_width=&#8221;container-null&#8221;][vc_column agro_disable_column=&#8221;yes&#8221;]<div id=\"hero\" class=\"nt-shortcode-hero  section_69d83c1d51989 vc_custom_1773838525195\"  data-res-css=\"          \"><div class=\"container\"><div class=\"row\"><div class=\"col-12 col-lg-7\"><h1 class=\"__title\"><span><\/span> <\/h1><\/div><\/div><\/div><\/div>[\/vc_column][\/vc_row][vc_row full_width=&#8221;container&#8221; css=&#8221;.vc_custom_1766097027366{padding-top: 50px !important;padding-bottom: 50px !important;}&#8221;][vc_column][vc_custom_heading text=&#8221;FUNCTIONAL PRODUCTS&#8221; font_container=&#8221;tag:h2|text_align:center&#8221; use_theme_fonts=&#8221;yes&#8221; css=&#8221;.vc_custom_1771584237723{margin-top: 30px !important;margin-bottom: 50px !important;}&#8221;][vc_column_text css=&#8221;&#8221;]\n<div class=\"elementor-element elementor-element-164e20e elementor-widget elementor-widget-heading\" data-id=\"164e20e\" data-element_type=\"widget\" data-widget_type=\"heading.default\">\n<div class=\"elementor-element elementor-element-164e20e elementor-widget elementor-widget-heading\" data-id=\"164e20e\" data-element_type=\"widget\" data-widget_type=\"heading.default\">\n<div class=\"elementor-element elementor-element-164e20e elementor-widget elementor-widget-heading\" data-id=\"164e20e\" data-element_type=\"widget\" data-widget_type=\"heading.default\">\n<h4><b>HYDROLYZED COLLAGEN PEPTIDES\u00a0\u00a0<\/b><\/h4>\n<p><span style=\"font-weight: 400;\">SOLUGEL\u00ae Collagen Peptides bring the power of nature together with cutting-edge science. Sourced from sustainably harvested bovine hides and fish, these high-quality bioactive peptides are packed with pure protein and deliver clinically proven health benefits.<\/span><\/p>\n<p><span style=\"font-weight: 400;\">As a reliable solution for health-focused formulations, SOLUGEL\u00ae collagen peptides are used across a wide range of applications, from functional foods and sports nutrition to nutraceuticals and beauty support products.<\/span><\/p>\n<p><span style=\"font-weight: 400;\">Sa\u011fl\u0131k odakl\u0131 form\u00fclasyonlar\u0131n\u0131z i\u00e7in g\u00fcvenilir bir \u00e7\u00f6z\u00fcm olan SOLUGEL\u00ae kolajen peptitleri, fonksiyonel g\u0131dalardan sporcu beslenmesine, nutras\u00f6tik \u00fcr\u00fcnlerden, g\u00fczellik desteklerine kadar geni\u015f bir alanda kullan\u0131l\u0131r.<\/span><\/p>\n<p><a href=\"https:\/\/www.pbleiner.com\/en\/products\/solugelr-collagen-peptides\"><span style=\"font-weight: 400;\">https:\/\/www.pbleiner.com\/en\/products\/solugelr-collagen-peptides<\/span><\/a><\/p>\n<h4><b>WATER-SOLUBLE DIETARY FIBER\u00a0<\/b><\/h4>\n<p><span style=\"font-weight: 400;\">FIBERSOL\u00ae-2 is a completely soluble, digestion-resistant dietary fiber derived enzymatically from corn-based maltodextrin. Its ability to dissolve without causing opacity ensures clarity and taste integrity in beverages. With excellent stability under low pH and high temperatures, FIBERSOL\u00ae-2 is a versatile ingredient suitable for a wide range of products.<\/span><\/p>\n<p><b>Applications Include:<\/b><\/p>\n<ul>\n<li><span style=\"font-weight: 400;\">Fruit juices and functional beverages<\/span><\/li>\n<li><span style=\"font-weight: 400;\">Dairy drinks and flavored milk products<\/span><\/li>\n<li><span style=\"font-weight: 400;\">Sugar reduction in confectionery, cakes, and biscuits<\/span><\/li>\n<li><span style=\"font-weight: 400;\">Gluten-free breads<\/span><\/li>\n<li><span style=\"font-weight: 400;\">Diet and specialty nutrition formulations<\/span><\/li>\n<li><span style=\"font-weight: 400;\">Low glycemic index food products<\/span><\/li>\n<\/ul>\n<p><span style=\"font-weight: 400;\">As a unique source of dietary fiber, FIBERSOL\u00ae-2 allows fiber claims on product labels while enhancing nutritional value and meeting consumers\u2019 expectations. Produced according to food safety standards and offering formulation flexibility, it is an ideal ingredient for developing functional foods.<\/span><\/p>\n<p><a href=\"https:\/\/fibersol.com\/about-fibersol\"><span style=\"font-weight: 400;\">https:\/\/fibersol.com\/about-fibersol<\/span><\/a><\/p>\n<h4><b>PROBIOTICS\u00a0<\/b><\/h4>\n<p><span style=\"font-weight: 400;\">Probiotics are the small yet powerful allies of a healthy lifestyle. These live microorganisms help balance gut flora and support overall health. Backed by scientific evidence, probiotics aid digestive health, strengthen immune function, and help maintain body balance.<\/span><\/p>\n<p><span style=\"font-weight: 400;\">Under the Howaru\u00ae brand, part of IFF\u2019s health portfolio, our company offers carefully selected single strains and expertly developed formulations, delivering probiotics at high concentrations for maximum effectiveness.<\/span><\/p>\n<p><span style=\"font-weight: 400;\">Widely used in food, dietary supplements, and functional nutrition, probiotics are essential ingredients in modern formulations designed to support a healthy lifestyle.<\/span><\/p>\n<p><a href=\"https:\/\/www.iff.com\/food-beverage\/food-bioscience\/probiotics\/\"><span style=\"font-weight: 400;\">https:\/\/www.iff.com\/food-beverage\/food-bioscience\/probiotics\/<\/span><\/a><\/p>\n<\/div>\n<\/div>\n<\/div>\n[\/vc_column_text][\/vc_column][\/vc_row]\n<\/div>","protected":false},"excerpt":{"rendered":"<p>[vc_row full_width=&#8221;container-null&#8221;][vc_column agro_disable_column=&#8221;yes&#8221;][\/vc_column][\/vc_row][vc_row full_width=&#8221;container&#8221; css=&#8221;.vc_custom_1766097027366{padding-top: 50px !important;padding-bottom: 50px !important;}&#8221;][vc_column][vc_custom_heading text=&#8221;FUNCTIONAL PRODUCTS&#8221; font_container=&#8221;tag:h2|text_align:center&#8221; use_theme_fonts=&#8221;yes&#8221; css=&#8221;.vc_custom_1771584237723{margin-top: 30px !important;margin-bottom: 50px !important;}&#8221;][vc_column_text css=&#8221;&#8221;] HYDROLYZED COLLAGEN PEPTIDES\u00a0\u00a0 SOLUGEL\u00ae Collagen Peptides bring the power of nature together with cutting-edge science. Sourced from sustainably harvested bovine hides and fish, these high-quality bioactive peptides are packed with pure protein and deliver clinically proven&#8230;<\/p>\n","protected":false},"author":1,"featured_media":0,"parent":1125,"menu_order":0,"comment_status":"closed","ping_status":"closed","template":"custom-page.php","meta":{"footnotes":""},"class_list":["post-1147","page","type-page","status-publish","hentry"," nt-post-class"],"_links":{"self":[{"href":"https:\/\/rotel.com.tr\/en\/wp-json\/wp\/v2\/pages\/1147","targetHints":{"allow":["GET"]}}],"collection":[{"href":"https:\/\/rotel.com.tr\/en\/wp-json\/wp\/v2\/pages"}],"about":[{"href":"https:\/\/rotel.com.tr\/en\/wp-json\/wp\/v2\/types\/page"}],"author":[{"embeddable":true,"href":"https:\/\/rotel.com.tr\/en\/wp-json\/wp\/v2\/users\/1"}],"replies":[{"embeddable":true,"href":"https:\/\/rotel.com.tr\/en\/wp-json\/wp\/v2\/comments?post=1147"}],"version-history":[{"count":10,"href":"https:\/\/rotel.com.tr\/en\/wp-json\/wp\/v2\/pages\/1147\/revisions"}],"predecessor-version":[{"id":1486,"href":"https:\/\/rotel.com.tr\/en\/wp-json\/wp\/v2\/pages\/1147\/revisions\/1486"}],"up":[{"embeddable":true,"href":"https:\/\/rotel.com.tr\/en\/wp-json\/wp\/v2\/pages\/1125"}],"wp:attachment":[{"href":"https:\/\/rotel.com.tr\/en\/wp-json\/wp\/v2\/media?parent=1147"}],"curies":[{"name":"wp","href":"https:\/\/api.w.org\/{rel}","templated":true}]}}